{"id":25,"date":"2020-09-04T13:24:47","date_gmt":"2020-09-04T16:24:47","guid":{"rendered":"https:\/\/pmeacademy.blog.br\/?page_id=25"},"modified":"2020-09-04T13:24:47","modified_gmt":"2020-09-04T16:24:47","slug":"contato","status":"publish","type":"page","link":"https:\/\/pmeacademy.blog.br\/?page_id=25","title":{"rendered":"Contato"},"content":{"rendered":"\n<p>Esta \u00e9 uma p\u00e1gina com algumas informa\u00e7\u00f5es b\u00e1sicas de contato, como um endere\u00e7o e n\u00famero de telefone. Voc\u00ea tamb\u00e9m pode experimentar usar um plugin para adicionar um formul\u00e1rio de contato.<\/p>\n","protected":false},"excerpt":{"rendered":"<p>Esta \u00e9 uma p\u00e1gina com algumas informa\u00e7\u00f5es b\u00e1sicas de contato, como um endere\u00e7o e n\u00famero de telefone. Voc\u00ea tamb\u00e9m pode experimentar usar um plugin para adicionar um formul\u00e1rio de contato.<\/p>\n","protected":false},"author":1,"featured_media":0,"parent":0,"menu_order":0,"comment_status":"closed","ping_status":"closed","template":"","meta":{"footnotes":""},"class_list":["post-25","page","type-page","status-publish","hentry"],"yoast_head":"<!-- This site is optimized with the Yoast SEO plugin v14.9 - https:\/\/yoast.com\/wordpress\/plugins\/seo\/ -->\n<title>Contato - PME Academy | Blog<\/title>\n<meta name=\"robots\" content=\"index, follow, max-snippet:-1, max-image-preview:large, max-video-preview:-1\" \/>\n<link rel=\"canonical\" href=\"https:\/\/pmeacademy.blog.br\/?page_id=25\" \/>\n<meta property=\"og:locale\" content=\"pt_BR\" \/>\n<meta property=\"og:type\" content=\"article\" \/>\n<meta property=\"og:title\" content=\"Contato - PME Academy | Blog\" \/>\n<meta property=\"og:description\" content=\"Esta \u00e9 uma p\u00e1gina com algumas informa\u00e7\u00f5es b\u00e1sicas de contato, como um endere\u00e7o e n\u00famero de telefone. Voc\u00ea tamb\u00e9m pode experimentar usar um plugin para adicionar um formul\u00e1rio de contato.\" \/>\n<meta property=\"og:url\" content=\"https:\/\/pmeacademy.blog.br\/?page_id=25\" \/>\n<meta property=\"og:site_name\" content=\"PME Academy | Blog\" \/>\n<meta name=\"twitter:card\" content=\"summary_large_image\" \/>\n<script type=\"application\/ld+json\" class=\"yoast-schema-graph\">{\"@context\":\"https:\/\/schema.org\",\"@graph\":[{\"@type\":\"WebSite\",\"@id\":\"https:\/\/pmeacademy.blog.br\/#website\",\"url\":\"https:\/\/pmeacademy.blog.br\/\",\"name\":\"PME Academy | Blog\",\"description\":\"S\\u00f3 mais um site WordPress\",\"potentialAction\":[{\"@type\":\"SearchAction\",\"target\":\"https:\/\/pmeacademy.blog.br\/?s={search_term_string}\",\"query-input\":\"required name=search_term_string\"}],\"inLanguage\":\"pt-BR\"},{\"@type\":\"WebPage\",\"@id\":\"https:\/\/pmeacademy.blog.br\/?page_id=25#webpage\",\"url\":\"https:\/\/pmeacademy.blog.br\/?page_id=25\",\"name\":\"Contato - PME Academy | Blog\",\"isPartOf\":{\"@id\":\"https:\/\/pmeacademy.blog.br\/#website\"},\"datePublished\":\"2020-09-04T16:24:47+00:00\",\"dateModified\":\"2020-09-04T16:24:47+00:00\",\"inLanguage\":\"pt-BR\",\"potentialAction\":[{\"@type\":\"ReadAction\",\"target\":[\"https:\/\/pmeacademy.blog.br\/?page_id=25\"]}]}]}<\/script>\n<!-- \/ Yoast SEO plugin. -->","_links":{"self":[{"href":"https:\/\/pmeacademy.blog.br\/index.php?rest_route=\/wp\/v2\/pages\/25","targetHints":{"allow":["GET"]}}],"collection":[{"href":"https:\/\/pmeacademy.blog.br\/index.php?rest_route=\/wp\/v2\/pages"}],"about":[{"href":"https:\/\/pmeacademy.blog.br\/index.php?rest_route=\/wp\/v2\/types\/page"}],"author":[{"embeddable":true,"href":"https:\/\/pmeacademy.blog.br\/index.php?rest_route=\/wp\/v2\/users\/1"}],"replies":[{"embeddable":true,"href":"https:\/\/pmeacademy.blog.br\/index.php?rest_route=%2Fwp%2Fv2%2Fcomments&post=25"}],"version-history":[{"count":1,"href":"https:\/\/pmeacademy.blog.br\/index.php?rest_route=\/wp\/v2\/pages\/25\/revisions"}],"predecessor-version":[{"id":30,"href":"https:\/\/pmeacademy.blog.br\/index.php?rest_route=\/wp\/v2\/pages\/25\/revisions\/30"}],"wp:attachment":[{"href":"https:\/\/pmeacademy.blog.br\/index.php?rest_route=%2Fwp%2Fv2%2Fmedia&parent=25"}],"curies":[{"name":"wp","href":"https:\/\/api.w.org\/{rel}","templated":true}]}}