{"id":23,"date":"2020-09-04T13:24:47","date_gmt":"2020-09-04T16:24:47","guid":{"rendered":"https:\/\/pmeacademy.blog.br\/?page_id=23"},"modified":"2020-09-04T13:24:47","modified_gmt":"2020-09-04T16:24:47","slug":"o-novo-umoma-abre-suas-portas-2","status":"publish","type":"page","link":"https:\/\/pmeacademy.blog.br\/","title":{"rendered":"O novo UMoMA abre suas portas"},"content":{"rendered":"<div class=\"wp-block-group alignwide\"><div class=\"wp-block-group__inner-container is-layout-flow wp-block-group-is-layout-flow\"><h2 class=\"has-text-align-center wp-block-heading\">O principal destino da arte moderna no norte da Su\u00e9cia. Funciona todos os dias, das 10:00 \u00e0s 18:00, durante os meses de ver\u00e3o.<\/h2><\/div><\/div><div class=\"wp-block-columns alignwide is-layout-flex wp-container-core-columns-is-layout-9d6595d7 wp-block-columns-is-layout-flex\"><div class=\"wp-block-column is-layout-flow wp-block-column-is-layout-flow\"><div class=\"wp-block-group\"><div class=\"wp-block-group__inner-container is-layout-flow wp-block-group-is-layout-flow\"><figure class=\"wp-block-image alignfull size-full\"><img decoding=\"async\" src=\"https:\/\/pmeacademy.blog.br\/wp-content\/themes\/twentytwenty\/assets\/images\/2020-three-quarters-1.png\" alt=\"\" class=\"wp-image-37\"\/><\/figure><h3 class=\"wp-block-heading\">Trabalhos e dias<\/h3><p>1\u00ba de agosto &#8211; 1\u00ba de dezembro<\/p><div class=\"wp-block-button is-style-outline is-style-outline--1\"><a class=\"wp-block-button__link\" href=\"https:\/\/make.wordpress.org\/core\/2019\/09\/27\/block-editor-theme-related-updates-in-wordpress-5-3\/\">Leia mais<\/a><\/div><\/div><\/div><div class=\"wp-block-group\"><div class=\"wp-block-group__inner-container is-layout-flow wp-block-group-is-layout-flow\"><figure class=\"wp-block-image alignfull size-full\"><img decoding=\"async\" src=\"https:\/\/pmeacademy.blog.br\/wp-content\/themes\/twentytwenty\/assets\/images\/2020-three-quarters-3.png\" alt=\"\" class=\"wp-image-37\"\/><\/figure><h3 class=\"wp-block-heading\">Teatro de opera\u00e7\u00f5es<\/h3><p>1\u00ba de outubro &#8211; 1\u00ba de dezembro<\/p><div class=\"wp-block-button is-style-outline is-style-outline--2\"><a class=\"wp-block-button__link\" href=\"https:\/\/make.wordpress.org\/core\/2019\/09\/27\/block-editor-theme-related-updates-in-wordpress-5-3\/\">Leia mais<\/a><\/div><\/div><\/div><\/div><div class=\"wp-block-column is-layout-flow wp-block-column-is-layout-flow\"><div class=\"wp-block-group\"><div class=\"wp-block-group__inner-container is-layout-flow wp-block-group-is-layout-flow\"><figure class=\"wp-block-image alignfull size-full\"><img decoding=\"async\" src=\"https:\/\/pmeacademy.blog.br\/wp-content\/themes\/twentytwenty\/assets\/images\/2020-three-quarters-2.png\" alt=\"\" class=\"wp-image-37\"\/><\/figure><h3 class=\"wp-block-heading\">A vida que eu mere\u00e7o<\/h3><p>1\u00ba de agosto &#8211; 1\u00ba de dezembro<\/p><div class=\"wp-block-button is-style-outline is-style-outline--3\"><a class=\"wp-block-button__link\" href=\"https:\/\/make.wordpress.org\/core\/2019\/09\/27\/block-editor-theme-related-updates-in-wordpress-5-3\/\">Leia mais<\/a><\/div><\/div><\/div><div class=\"wp-block-group\"><div class=\"wp-block-group__inner-container is-layout-flow wp-block-group-is-layout-flow\"><figure class=\"wp-block-image alignfull size-full\"><img decoding=\"async\" src=\"https:\/\/pmeacademy.blog.br\/wp-content\/themes\/twentytwenty\/assets\/images\/2020-three-quarters-4.png\" alt=\"\" class=\"wp-image-37\"\/><\/figure><h3 class=\"wp-block-heading\">De Signac para Matisse<\/h3><p>1\u00ba de outubro &#8211; 1\u00ba de dezembro<\/p><div class=\"wp-block-button is-style-outline is-style-outline--4\"><a class=\"wp-block-button__link\" href=\"https:\/\/make.wordpress.org\/core\/2019\/09\/27\/block-editor-theme-related-updates-in-wordpress-5-3\/\">Leia mais<\/a><\/div><\/div><\/div><\/div><\/div><figure class=\"wp-block-image alignfull size-full\"><img decoding=\"async\" src=\"https:\/\/pmeacademy.blog.br\/wp-content\/themes\/twentytwenty\/assets\/images\/2020-landscape-2.png\" alt=\"\" class=\"wp-image-37\"\/><\/figure><div class=\"wp-block-group alignwide\"><div class=\"wp-block-group__inner-container is-layout-flow wp-block-group-is-layout-flow\"><h2 class=\"has-accent-color has-text-align-center wp-block-heading\">&#8220;Ciborgues, como a fil\u00f3sofa Donna Haraway estabeleceu, n\u00e3o s\u00e3o reverentes. Eles n\u00e3o lembram o cosmos&#8221;.<\/h2><\/div><\/div><p class=\"has-drop-cap\">Com sete andares de arquitetura impressionante, o UMoMA t\u00eam exibi\u00e7\u00f5es de arte contempor\u00e2nea internacional, algumas vezes com retrospectivas de hist\u00f3ria da arte. Quest\u00f5es existenciais, pol\u00edticas e filos\u00f3ficas s\u00e3o intr\u00ednsecas ao nosso programa. Como visitante, voc\u00ea ser\u00e1 convidado para passeios guiados com palestras, exibi\u00e7\u00f5es de filmes e outros eventos livres.<\/p><p>As exibi\u00e7\u00f5es s\u00e3o produzidas pelo UMoMA em colabora\u00e7\u00e3o com artistas e museus por todo o mundo, atraindo com frequ\u00eancia aten\u00e7\u00e3o internacional. O UMoMA recebeu uma comenda especial de Museu europeu do ano e esteve entre os principais candidatos ao Pr\u00eamio de museu sueco do ano, e ao Pr\u00eamio do conselho de museus da Europa.<\/p><p><\/p><div class=\"wp-block-group alignwide has-background\" style=\"background-color:#ffffff\"><div class=\"wp-block-group__inner-container is-layout-flow wp-block-group-is-layout-flow\"><div class=\"wp-block-group\"><div class=\"wp-block-group__inner-container is-layout-flow wp-block-group-is-layout-flow\"><h2 class=\"has-text-align-center wp-block-heading\">Torne-se um membro e receba ofertas exclusivas!<\/h2><p class=\"has-text-align-center\">Os membros t\u00eam acesso a exibi\u00e7\u00f5es e vendas exclusivas. Nossa assinatura custa $99,99 e \u00e9 cobrada anualmente.<\/p><div class=\"wp-block-button aligncenter\"><a class=\"wp-block-button__link\" href=\"https:\/\/make.wordpress.org\/core\/2019\/09\/27\/block-editor-theme-related-updates-in-wordpress-5-3\/\">Participe<\/a><\/div><\/div><\/div><\/div><\/div><figure class=\"wp-block-gallery alignwide columns-2 is-cropped wp-block-gallery-5 is-layout-flex wp-block-gallery-is-layout-flex\"><ul class=\"blocks-gallery-grid\"><li class=\"blocks-gallery-item\"><figure><img decoding=\"async\" src=\"https:\/\/pmeacademy.blog.br\/wp-content\/themes\/twentytwenty\/assets\/images\/2020-square-2.png\" alt=\"\" data-id=\"39\" data-full-url=\"https:\/\/pmeacademy.blog.br\/wp-content\/themes\/twentytwenty\/assets\/images\/2020-square-2.png\" data-link=\"assets\/images\/2020-square-2\/\" class=\"wp-image-39\"\/><\/figure><\/li><li class=\"blocks-gallery-item\"><figure><img decoding=\"async\" src=\"https:\/\/pmeacademy.blog.br\/wp-content\/themes\/twentytwenty\/assets\/images\/2020-square-1.png\" alt=\"\" data-id=\"38\" data-full-url=\"https:\/\/pmeacademy.blog.br\/wp-content\/themes\/twentytwenty\/assets\/images\/2020-square-1.png\" data-link=\"https:\/\/pmeacademy.blog.br\/wp-content\/themes\/twentytwenty\/assets\/images\/2020-square-1\/\" class=\"wp-image-38\"\/><\/figure><\/li><\/ul><\/figure>","protected":false},"excerpt":{"rendered":"<p>O principal destino da arte moderna no norte da Su\u00e9cia. Funciona todos os dias, das 10:00 \u00e0s 18:00, durante os meses de ver\u00e3o. Trabalhos e dias 1\u00ba de agosto &#8211; 1\u00ba de dezembro Teatro de opera\u00e7\u00f5es 1\u00ba de outubro &#8211; 1\u00ba de dezembro A vida que eu mere\u00e7o 1\u00ba de agosto &#8211; 1\u00ba de dezembro [&hellip;]<\/p>\n","protected":false},"author":1,"featured_media":22,"parent":0,"menu_order":0,"comment_status":"closed","ping_status":"closed","template":"","meta":{"footnotes":""},"class_list":["post-23","page","type-page","status-publish","has-post-thumbnail","hentry"],"yoast_head":"<!-- This site is optimized with the Yoast SEO plugin v14.9 - https:\/\/yoast.com\/wordpress\/plugins\/seo\/ -->\n<title>O novo UMoMA abre suas portas - PME Academy | Blog<\/title>\n<meta name=\"robots\" content=\"index, follow, max-snippet:-1, max-image-preview:large, max-video-preview:-1\" \/>\n<link rel=\"canonical\" href=\"https:\/\/pmeacademy.blog.br\/\" \/>\n<meta property=\"og:locale\" content=\"pt_BR\" \/>\n<meta property=\"og:type\" content=\"article\" \/>\n<meta property=\"og:title\" content=\"O novo UMoMA abre suas portas - PME Academy | Blog\" \/>\n<meta property=\"og:description\" content=\"O principal destino da arte moderna no norte da Su\u00e9cia. Funciona todos os dias, das 10:00 \u00e0s 18:00, durante os meses de ver\u00e3o. Trabalhos e dias 1\u00ba de agosto &#8211; 1\u00ba de dezembro Teatro de opera\u00e7\u00f5es 1\u00ba de outubro &#8211; 1\u00ba de dezembro A vida que eu mere\u00e7o 1\u00ba de agosto &#8211; 1\u00ba de dezembro [&hellip;]\" \/>\n<meta property=\"og:url\" content=\"https:\/\/pmeacademy.blog.br\/\" \/>\n<meta property=\"og:site_name\" content=\"PME Academy | Blog\" \/>\n<meta property=\"og:image\" content=\"https:\/\/pmeacademy.blog.br\/wp-content\/uploads\/2020\/09\/2020-landscape-1-2.png\" \/>\n\t<meta property=\"og:image:width\" content=\"1200\" \/>\n\t<meta property=\"og:image:height\" content=\"769\" \/>\n<meta name=\"twitter:card\" content=\"summary_large_image\" \/>\n<script type=\"application\/ld+json\" class=\"yoast-schema-graph\">{\"@context\":\"https:\/\/schema.org\",\"@graph\":[{\"@type\":\"WebSite\",\"@id\":\"https:\/\/pmeacademy.blog.br\/#website\",\"url\":\"https:\/\/pmeacademy.blog.br\/\",\"name\":\"PME Academy | Blog\",\"description\":\"S\\u00f3 mais um site WordPress\",\"potentialAction\":[{\"@type\":\"SearchAction\",\"target\":\"https:\/\/pmeacademy.blog.br\/?s={search_term_string}\",\"query-input\":\"required name=search_term_string\"}],\"inLanguage\":\"pt-BR\"},{\"@type\":\"ImageObject\",\"@id\":\"https:\/\/pmeacademy.blog.br\/#primaryimage\",\"inLanguage\":\"pt-BR\",\"url\":\"https:\/\/pmeacademy.blog.br\/wp-content\/uploads\/2020\/09\/2020-landscape-1-2.png\",\"width\":1200,\"height\":769},{\"@type\":\"WebPage\",\"@id\":\"https:\/\/pmeacademy.blog.br\/#webpage\",\"url\":\"https:\/\/pmeacademy.blog.br\/\",\"name\":\"O novo UMoMA abre suas portas - PME Academy | Blog\",\"isPartOf\":{\"@id\":\"https:\/\/pmeacademy.blog.br\/#website\"},\"primaryImageOfPage\":{\"@id\":\"https:\/\/pmeacademy.blog.br\/#primaryimage\"},\"datePublished\":\"2020-09-04T16:24:47+00:00\",\"dateModified\":\"2020-09-04T16:24:47+00:00\",\"inLanguage\":\"pt-BR\",\"potentialAction\":[{\"@type\":\"ReadAction\",\"target\":[\"https:\/\/pmeacademy.blog.br\/\"]}]}]}<\/script>\n<!-- \/ Yoast SEO plugin. -->","_links":{"self":[{"href":"https:\/\/pmeacademy.blog.br\/index.php?rest_route=\/wp\/v2\/pages\/23","targetHints":{"allow":["GET"]}}],"collection":[{"href":"https:\/\/pmeacademy.blog.br\/index.php?rest_route=\/wp\/v2\/pages"}],"about":[{"href":"https:\/\/pmeacademy.blog.br\/index.php?rest_route=\/wp\/v2\/types\/page"}],"author":[{"embeddable":true,"href":"https:\/\/pmeacademy.blog.br\/index.php?rest_route=\/wp\/v2\/users\/1"}],"replies":[{"embeddable":true,"href":"https:\/\/pmeacademy.blog.br\/index.php?rest_route=%2Fwp%2Fv2%2Fcomments&post=23"}],"version-history":[{"count":1,"href":"https:\/\/pmeacademy.blog.br\/index.php?rest_route=\/wp\/v2\/pages\/23\/revisions"}],"predecessor-version":[{"id":28,"href":"https:\/\/pmeacademy.blog.br\/index.php?rest_route=\/wp\/v2\/pages\/23\/revisions\/28"}],"wp:featuredmedia":[{"embeddable":true,"href":"https:\/\/pmeacademy.blog.br\/index.php?rest_route=\/wp\/v2\/media\/22"}],"wp:attachment":[{"href":"https:\/\/pmeacademy.blog.br\/index.php?rest_route=%2Fwp%2Fv2%2Fmedia&parent=23"}],"curies":[{"name":"wp","href":"https:\/\/api.w.org\/{rel}","templated":true}]}}